{"id":12,"date":"2023-01-11T09:05:12","date_gmt":"2023-01-11T09:05:12","guid":{"rendered":"https:\/\/maripet.org\/?page_id=12"},"modified":"2023-12-22T13:35:34","modified_gmt":"2023-12-22T13:35:34","slug":"project-team","status":"publish","type":"page","link":"https:\/\/maripet.org\/?page_id=12","title":{"rendered":"Project Team"},"content":{"rendered":"\t\t<div data-elementor-type=\"wp-page\" data-elementor-id=\"12\" class=\"elementor elementor-12\">\n\t\t\t\t\t\t<section class=\"elementor-section elementor-top-section elementor-element elementor-element-23ff9c64 elementor-section-boxed elementor-section-height-default elementor-section-height-default\" data-id=\"23ff9c64\" data-element_type=\"section\">\n\t\t\t\t\t\t<div class=\"elementor-container elementor-column-gap-default\">\n\t\t\t\t\t<div class=\"elementor-column elementor-col-100 elementor-top-column elementor-element elementor-element-248ab433\" data-id=\"248ab433\" data-element_type=\"column\">\n\t\t\t<div class=\"elementor-widget-wrap elementor-element-populated\">\n\t\t\t\t\t\t<div class=\"elementor-element elementor-element-461e394 elementor-widget__width-initial elementor-absolute elementor-widget elementor-widget-image\" data-id=\"461e394\" data-element_type=\"widget\" data-settings=\"{&quot;_position&quot;:&quot;absolute&quot;}\" data-widget_type=\"image.default\">\n\t\t\t\t<div class=\"elementor-widget-container\">\n\t\t\t\t\t\t\t\t\t\t\t\t\t<img decoding=\"async\" width=\"150\" height=\"150\" src=\"https:\/\/maripet.org\/wp-content\/uploads\/2023\/12\/ilker2-150x150.jpg\" class=\"attachment-thumbnail size-thumbnail wp-image-2194\" alt=\"\" srcset=\"https:\/\/maripet.org\/wp-content\/uploads\/2023\/12\/ilker2-150x150.jpg 150w, https:\/\/maripet.org\/wp-content\/uploads\/2023\/12\/ilker2-300x300.jpg 300w, https:\/\/maripet.org\/wp-content\/uploads\/2023\/12\/ilker2-24x24.jpg 24w, https:\/\/maripet.org\/wp-content\/uploads\/2023\/12\/ilker2-36x36.jpg 36w, https:\/\/maripet.org\/wp-content\/uploads\/2023\/12\/ilker2-48x48.jpg 48w, https:\/\/maripet.org\/wp-content\/uploads\/2023\/12\/ilker2-45x45.jpg 45w, https:\/\/maripet.org\/wp-content\/uploads\/2023\/12\/ilker2.jpg 600w\" sizes=\"(max-width: 150px) 100vw, 150px\" \/>\t\t\t\t\t\t\t\t\t\t\t\t\t<\/div>\n\t\t\t\t<\/div>\n\t\t\t\t<div class=\"elementor-element elementor-element-445de9f elementor-widget__width-initial elementor-absolute elementor-widget elementor-widget-image\" data-id=\"445de9f\" data-element_type=\"widget\" data-settings=\"{&quot;_position&quot;:&quot;absolute&quot;}\" data-widget_type=\"image.default\">\n\t\t\t\t<div class=\"elementor-widget-container\">\n\t\t\t\t\t\t\t\t\t\t\t\t\t<img decoding=\"async\" width=\"150\" height=\"150\" src=\"https:\/\/maripet.org\/wp-content\/uploads\/2023\/01\/ozgur-150x150.jpeg\" class=\"attachment-thumbnail size-thumbnail wp-image-257\" alt=\"\" srcset=\"https:\/\/maripet.org\/wp-content\/uploads\/2023\/01\/ozgur-150x150.jpeg 150w, https:\/\/maripet.org\/wp-content\/uploads\/2023\/01\/ozgur-45x45.jpeg 45w\" sizes=\"(max-width: 150px) 100vw, 150px\" \/>\t\t\t\t\t\t\t\t\t\t\t\t\t<\/div>\n\t\t\t\t<\/div>\n\t\t\t\t<div class=\"elementor-element elementor-element-fd6b9e0 elementor-widget__width-initial elementor-absolute elementor-widget elementor-widget-image\" data-id=\"fd6b9e0\" data-element_type=\"widget\" data-settings=\"{&quot;_position&quot;:&quot;absolute&quot;}\" data-widget_type=\"image.default\">\n\t\t\t\t<div class=\"elementor-widget-container\">\n\t\t\t\t\t\t\t\t\t\t\t\t\t<img decoding=\"async\" width=\"150\" height=\"150\" src=\"https:\/\/maripet.org\/wp-content\/uploads\/2023\/01\/yurga2-150x150.jpg\" class=\"attachment-thumbnail size-thumbnail wp-image-260\" alt=\"\" srcset=\"https:\/\/maripet.org\/wp-content\/uploads\/2023\/01\/yurga2-150x150.jpg 150w, https:\/\/maripet.org\/wp-content\/uploads\/2023\/01\/yurga2-300x300.jpg 300w, https:\/\/maripet.org\/wp-content\/uploads\/2023\/01\/yurga2-1024x1024.jpg 1024w, https:\/\/maripet.org\/wp-content\/uploads\/2023\/01\/yurga2-768x768.jpg 768w, https:\/\/maripet.org\/wp-content\/uploads\/2023\/01\/yurga2-1536x1536.jpg 1536w, https:\/\/maripet.org\/wp-content\/uploads\/2023\/01\/yurga2-2048x2048.jpg 2048w, https:\/\/maripet.org\/wp-content\/uploads\/2023\/01\/yurga2-45x45.jpg 45w\" sizes=\"(max-width: 150px) 100vw, 150px\" \/>\t\t\t\t\t\t\t\t\t\t\t\t\t<\/div>\n\t\t\t\t<\/div>\n\t\t\t\t<div class=\"elementor-element elementor-element-40071439 elementor-widget elementor-widget-text-editor\" data-id=\"40071439\" data-element_type=\"widget\" data-widget_type=\"text-editor.default\">\n\t\t\t\t<div class=\"elementor-widget-container\">\n\t\t\t\t\t\t\t<p><span style=\"color: #5e5e5e; font-size: 16px;\"><span style=\"font-family: Raleway, sans-serif;\"><strong>\u0130lker Ayd\u0131n<br \/><\/strong><\/span><\/span><span style=\"color: #5e5e5e;\"><span style=\"font-size: 16px;\">Project Manager<\/span><\/span><span style=\"color: rgba(0, 0, 0, 0);\">Assoc.Prof.Dr.<\/span><br \/><span style=\"color: var( --e-global-color-text ); font-size: 13px;\">Assoc.Prof.Dr.\u00a0<\/span><br \/>aydinilker1@yahoo.com<\/p><div id=\"Cntnr1\" class=\"tI1Qp6 Cntnr1\"><div class=\"\" data-mesh-id=\"Cntnr1inlineContent\" data-testid=\"inline-content\"><div data-mesh-id=\"Cntnr1inlineContent-gridContainer\" data-testid=\"mesh-container-content\"><div id=\"WPht1\" class=\"WPht1 MazNVa\"><div class=\"j7pOnl\" data-testid=\"linkElement\"><span style=\"color: #5e5e5e; font-size: 16px;\"><span style=\"font-family: Raleway, sans-serif;\"><b>\u00d6zg\u00fcr Altan<br \/><\/b><\/span><\/span><span style=\"color: #5e5e5e;\"><span style=\"font-size: 16px;\">Project Manager<br \/><\/span><\/span><span style=\"color: var( --e-global-color-text ); font-size: 13px;\">Prof.Dr.<br \/>ozgur.altan@ege.edu.tr<br \/><\/span><\/div><div data-testid=\"linkElement\">\u00a0<\/div><div data-testid=\"linkElement\">\u00a0<\/div><\/div><\/div><\/div><\/div><div id=\"Cntnr1\" class=\"tI1Qp6 Cntnr1\"><div class=\"\" data-mesh-id=\"Cntnr1inlineContent\" data-testid=\"inline-content\"><div data-mesh-id=\"Cntnr1inlineContent-gridContainer\" data-testid=\"mesh-container-content\"><div id=\"WRchTxt7\" class=\"KcpHeO tz5f0K WRchTxt7\" data-testid=\"richTextElement\"><p class=\"font_5\"><span style=\"color: #5e5e5e; font-size: 16px;\"><span style=\"font-family: Raleway, sans-serif;\"><b>Levent Yurga<\/b><\/span><\/span><br \/><span style=\"color: #5e5e5e;\"><span style=\"font-size: 16px;\">Technical Consultant<br \/><\/span><\/span><span style=\"color: var( --e-global-color-text ); font-size: 13px;\">Assist.Prof.Dr.<\/span><\/p><\/div><\/div><\/div><\/div><div id=\"WRchTxt0\" class=\"BaOVQ8 tz5f0K WRchTxt0\" data-testid=\"richTextElement\">\u00a0<\/div><div id=\"comp-lckce0jm\" class=\"tI1Qp6 comp-lckce0jm\">\u00a0<\/div>\t\t\t\t\t\t<\/div>\n\t\t\t\t<\/div>\n\t\t\t\t\t<\/div>\n\t\t<\/div>\n\t\t\t\t\t<\/div>\n\t\t<\/section>\n\t\t\t\t<section class=\"elementor-section elementor-top-section elementor-element elementor-element-5765bb5 elementor-section-boxed elementor-section-height-default elementor-section-height-default\" data-id=\"5765bb5\" data-element_type=\"section\">\n\t\t\t\t\t\t<div class=\"elementor-container elementor-column-gap-default\">\n\t\t\t\t\t<div class=\"elementor-column elementor-col-50 elementor-top-column elementor-element elementor-element-c48d2ca\" data-id=\"c48d2ca\" data-element_type=\"column\">\n\t\t\t<div class=\"elementor-widget-wrap elementor-element-populated\">\n\t\t\t\t\t\t<div class=\"elementor-element elementor-element-3d2a06b elementor-widget elementor-widget-text-editor\" data-id=\"3d2a06b\" data-element_type=\"widget\" data-widget_type=\"text-editor.default\">\n\t\t\t\t<div class=\"elementor-widget-container\">\n\t\t\t\t\t\t\t<h1>Partner Teams<\/h1>\t\t\t\t\t\t<\/div>\n\t\t\t\t<\/div>\n\t\t\t\t\t<\/div>\n\t\t<\/div>\n\t\t\t\t<div class=\"elementor-column elementor-col-50 elementor-top-column elementor-element elementor-element-22f9af6\" data-id=\"22f9af6\" data-element_type=\"column\">\n\t\t\t<div class=\"elementor-widget-wrap elementor-element-populated\">\n\t\t\t\t\t\t<div class=\"elementor-element elementor-element-600d000 elementor-widget elementor-widget-text-editor\" data-id=\"600d000\" data-element_type=\"widget\" data-widget_type=\"text-editor.default\">\n\t\t\t\t<div class=\"elementor-widget-container\">\n\t\t\t\t\t\t\t<ul><li><h5>Norwegian University of Science and Technology (Norway)<\/h5><\/li><li><h5>University of Dubrovnik (Sveu\u010dili\u0161te u Dubrovniku) (Crotia)<\/h5><\/li><li><h5>Vytauto Didziojo Universitetas (Lithuania)<\/h5><h5>Landb\u00fana\u00f0arh\u00e1sk\u00f3li \u00cdslands (Iceland)<\/h5><\/li><li><h5>Bal\u0131kesir University (Turkey)<\/h5><h5>\u0130zmir Metropol Municipality (Turkey)<\/h5><\/li><li><h5>Metropolitan Municipality of Izmir \/ Agricultural Services Department (Turkey)<\/h5><br \/><br \/><br \/><br \/><\/li><\/ul><p>\u00a0<\/p>\t\t\t\t\t\t<\/div>\n\t\t\t\t<\/div>\n\t\t\t\t\t<\/div>\n\t\t<\/div>\n\t\t\t\t\t<\/div>\n\t\t<\/section>\n\t\t\t\t<section class=\"elementor-section elementor-top-section elementor-element elementor-element-4c97f01 elementor-section-boxed elementor-section-height-default elementor-section-height-default\" data-id=\"4c97f01\" data-element_type=\"section\">\n\t\t\t\t\t\t<div class=\"elementor-container elementor-column-gap-default\">\n\t\t\t\t\t<div class=\"elementor-column elementor-col-100 elementor-top-column elementor-element elementor-element-865beb9\" data-id=\"865beb9\" data-element_type=\"column\">\n\t\t\t<div class=\"elementor-widget-wrap elementor-element-populated\">\n\t\t\t\t\t\t<div class=\"elementor-element elementor-element-e9ab884 elementor-widget elementor-widget-image\" data-id=\"e9ab884\" data-element_type=\"widget\" data-widget_type=\"image.default\">\n\t\t\t\t<div class=\"elementor-widget-container\">\n\t\t\t\t\t\t\t\t\t\t\t\t\t<img loading=\"lazy\" decoding=\"async\" width=\"1663\" height=\"74\" src=\"https:\/\/maripet.org\/wp-content\/uploads\/2023\/06\/c_line.jpg\" class=\"attachment-full size-full wp-image-670\" alt=\"\" srcset=\"https:\/\/maripet.org\/wp-content\/uploads\/2023\/06\/c_line.jpg 1663w, https:\/\/maripet.org\/wp-content\/uploads\/2023\/06\/c_line-300x13.jpg 300w, https:\/\/maripet.org\/wp-content\/uploads\/2023\/06\/c_line-1024x46.jpg 1024w, https:\/\/maripet.org\/wp-content\/uploads\/2023\/06\/c_line-768x34.jpg 768w, https:\/\/maripet.org\/wp-content\/uploads\/2023\/06\/c_line-1536x68.jpg 1536w\" sizes=\"(max-width: 1663px) 100vw, 1663px\" \/>\t\t\t\t\t\t\t\t\t\t\t\t\t<\/div>\n\t\t\t\t<\/div>\n\t\t\t\t\t<\/div>\n\t\t<\/div>\n\t\t\t\t\t<\/div>\n\t\t<\/section>\n\t\t\t\t<section class=\"elementor-section elementor-top-section elementor-element elementor-element-870ca8a elementor-section-boxed elementor-section-height-default elementor-section-height-default\" data-id=\"870ca8a\" data-element_type=\"section\">\n\t\t\t\t\t\t<div class=\"elementor-container elementor-column-gap-default\">\n\t\t\t\t\t<div class=\"elementor-column elementor-col-100 elementor-top-column elementor-element elementor-element-14e7a75\" data-id=\"14e7a75\" data-element_type=\"column\">\n\t\t\t<div class=\"elementor-widget-wrap elementor-element-populated\">\n\t\t\t\t\t\t<div class=\"elementor-element elementor-element-ae6fe50 elementor-widget elementor-widget-text-editor\" data-id=\"ae6fe50\" data-element_type=\"widget\" data-widget_type=\"text-editor.default\">\n\t\t\t\t<div class=\"elementor-widget-container\">\n\t\t\t\t\t\t\t<p style=\"text-align: center;\">Copyright MARIPET, 2022-2023\u00a9<\/p>\t\t\t\t\t\t<\/div>\n\t\t\t\t<\/div>\n\t\t\t\t\t<\/div>\n\t\t<\/div>\n\t\t\t\t\t<\/div>\n\t\t<\/section>\n\t\t\t\t<section class=\"elementor-section elementor-top-section elementor-element elementor-element-822a8a1 elementor-section-boxed elementor-section-height-default elementor-section-height-default\" data-id=\"822a8a1\" data-element_type=\"section\">\n\t\t\t\t\t\t<div class=\"elementor-container elementor-column-gap-default\">\n\t\t\t\t\t<div class=\"elementor-column elementor-col-100 elementor-top-column elementor-element elementor-element-0e008a6\" data-id=\"0e008a6\" data-element_type=\"column\">\n\t\t\t<div class=\"elementor-widget-wrap elementor-element-populated\">\n\t\t\t\t\t\t<div class=\"elementor-element elementor-element-2d24894 elementor-widget elementor-widget-image\" data-id=\"2d24894\" data-element_type=\"widget\" data-widget_type=\"image.default\">\n\t\t\t\t<div class=\"elementor-widget-container\">\n\t\t\t\t\t\t\t\t\t\t\t\t\t<img loading=\"lazy\" decoding=\"async\" width=\"1663\" height=\"709\" src=\"https:\/\/maripet.org\/wp-content\/uploads\/2023\/12\/slider14.jpg\" class=\"attachment-full size-full wp-image-1207\" alt=\"\" srcset=\"https:\/\/maripet.org\/wp-content\/uploads\/2023\/12\/slider14.jpg 1663w, https:\/\/maripet.org\/wp-content\/uploads\/2023\/12\/slider14-300x128.jpg 300w, https:\/\/maripet.org\/wp-content\/uploads\/2023\/12\/slider14-1024x437.jpg 1024w, https:\/\/maripet.org\/wp-content\/uploads\/2023\/12\/slider14-768x327.jpg 768w, https:\/\/maripet.org\/wp-content\/uploads\/2023\/12\/slider14-1536x655.jpg 1536w\" sizes=\"(max-width: 1663px) 100vw, 1663px\" \/>\t\t\t\t\t\t\t\t\t\t\t\t\t<\/div>\n\t\t\t\t<\/div>\n\t\t\t\t\t<\/div>\n\t\t<\/div>\n\t\t\t\t\t<\/div>\n\t\t<\/section>\n\t\t\t\t<\/div>\n\t\t","protected":false},"excerpt":{"rendered":"<p>\u0130lker Ayd\u0131nProject ManagerAssoc.Prof.Dr.Assoc.Prof.Dr.\u00a0aydinilker1@yahoo.com \u00d6zg\u00fcr AltanProject ManagerProf.Dr.ozgur.altan@ege.edu.tr\u00a0\u00a0 Levent YurgaTechnical ConsultantAssist.Prof.Dr. \u00a0\u00a0 Partner Teams Norwegian University of Science and Technology (Norway) University of Dubrovnik (Sveu\u010dili\u0161te u Dubrovniku) (Crotia) Vytauto Didziojo Universitetas (Lithuania) Landb\u00fana\u00f0arh\u00e1sk\u00f3li \u00cdslands (Iceland) Bal\u0131kesir University (Turkey) \u0130zmir Metropol Municipality (Turkey) Metropolitan Municipality of Izmir \/ Agricultural Services Department (Turkey) \u00a0 Copyright MARIPET, 2022-2023\u00a9<\/p>\n","protected":false},"author":1,"featured_media":0,"parent":10,"menu_order":0,"comment_status":"closed","ping_status":"closed","template":"","meta":{"footnotes":""},"class_list":["post-12","page","type-page","status-publish","hentry"],"yoast_head":"<!-- This site is optimized with the Yoast SEO plugin v27.5 - https:\/\/yoast.com\/product\/yoast-seo-wordpress\/ -->\n<title>Project Team - Maripet Project<\/title>\n<meta name=\"robots\" content=\"index, follow, max-snippet:-1, max-image-preview:large, max-video-preview:-1\" \/>\n<link rel=\"canonical\" href=\"https:\/\/maripet.org\/?page_id=12\" \/>\n<meta property=\"og:locale\" content=\"en_US\" \/>\n<meta property=\"og:type\" content=\"article\" \/>\n<meta property=\"og:title\" content=\"Project Team - Maripet Project\" \/>\n<meta property=\"og:description\" content=\"\u0130lker Ayd\u0131nProject ManagerAssoc.Prof.Dr.Assoc.Prof.Dr.\u00a0aydinilker1@yahoo.com \u00d6zg\u00fcr AltanProject ManagerProf.Dr.ozgur.altan@ege.edu.tr\u00a0\u00a0 Levent YurgaTechnical ConsultantAssist.Prof.Dr. \u00a0\u00a0 Partner Teams Norwegian University of Science and Technology (Norway) University of Dubrovnik (Sveu\u010dili\u0161te u Dubrovniku) (Crotia) Vytauto Didziojo Universitetas (Lithuania) Landb\u00fana\u00f0arh\u00e1sk\u00f3li \u00cdslands (Iceland) Bal\u0131kesir University (Turkey) \u0130zmir Metropol Municipality (Turkey) Metropolitan Municipality of Izmir \/ Agricultural Services Department (Turkey) \u00a0 Copyright MARIPET, 2022-2023\u00a9\" \/>\n<meta property=\"og:url\" content=\"https:\/\/maripet.org\/?page_id=12\" \/>\n<meta property=\"og:site_name\" content=\"Maripet Project\" \/>\n<meta property=\"article:modified_time\" content=\"2023-12-22T13:35:34+00:00\" \/>\n<meta property=\"og:image\" content=\"https:\/\/maripet.org\/wp-content\/uploads\/2023\/12\/ilker2-150x150.jpg\" \/>\n<meta name=\"twitter:card\" content=\"summary_large_image\" \/>\n<meta name=\"twitter:label1\" content=\"Est. reading time\" \/>\n\t<meta name=\"twitter:data1\" content=\"2 minutes\" \/>\n<script type=\"application\/ld+json\" class=\"yoast-schema-graph\">{\"@context\":\"https:\\\/\\\/schema.org\",\"@graph\":[{\"@type\":\"WebPage\",\"@id\":\"https:\\\/\\\/maripet.org\\\/?page_id=12\",\"url\":\"https:\\\/\\\/maripet.org\\\/?page_id=12\",\"name\":\"Project Team - Maripet Project\",\"isPartOf\":{\"@id\":\"https:\\\/\\\/maripet.org\\\/#website\"},\"primaryImageOfPage\":{\"@id\":\"https:\\\/\\\/maripet.org\\\/?page_id=12#primaryimage\"},\"image\":{\"@id\":\"https:\\\/\\\/maripet.org\\\/?page_id=12#primaryimage\"},\"thumbnailUrl\":\"https:\\\/\\\/maripet.org\\\/wp-content\\\/uploads\\\/2023\\\/12\\\/ilker2-150x150.jpg\",\"datePublished\":\"2023-01-11T09:05:12+00:00\",\"dateModified\":\"2023-12-22T13:35:34+00:00\",\"breadcrumb\":{\"@id\":\"https:\\\/\\\/maripet.org\\\/?page_id=12#breadcrumb\"},\"inLanguage\":\"en-US\",\"potentialAction\":[{\"@type\":\"ReadAction\",\"target\":[\"https:\\\/\\\/maripet.org\\\/?page_id=12\"]}]},{\"@type\":\"ImageObject\",\"inLanguage\":\"en-US\",\"@id\":\"https:\\\/\\\/maripet.org\\\/?page_id=12#primaryimage\",\"url\":\"https:\\\/\\\/maripet.org\\\/wp-content\\\/uploads\\\/2023\\\/12\\\/ilker2.jpg\",\"contentUrl\":\"https:\\\/\\\/maripet.org\\\/wp-content\\\/uploads\\\/2023\\\/12\\\/ilker2.jpg\",\"width\":600,\"height\":600},{\"@type\":\"BreadcrumbList\",\"@id\":\"https:\\\/\\\/maripet.org\\\/?page_id=12#breadcrumb\",\"itemListElement\":[{\"@type\":\"ListItem\",\"position\":1,\"name\":\"Home\",\"item\":\"https:\\\/\\\/maripet.org\\\/\"},{\"@type\":\"ListItem\",\"position\":2,\"name\":\"About\",\"item\":\"https:\\\/\\\/maripet.org\\\/?page_id=10\"},{\"@type\":\"ListItem\",\"position\":3,\"name\":\"Project Team\"}]},{\"@type\":\"WebSite\",\"@id\":\"https:\\\/\\\/maripet.org\\\/#website\",\"url\":\"https:\\\/\\\/maripet.org\\\/\",\"name\":\"Maripet Project\",\"description\":\"Innovative curriculum to evaluate Marine fishery discards as raw pet food for sustainable Europe\",\"publisher\":{\"@id\":\"https:\\\/\\\/maripet.org\\\/#organization\"},\"potentialAction\":[{\"@type\":\"SearchAction\",\"target\":{\"@type\":\"EntryPoint\",\"urlTemplate\":\"https:\\\/\\\/maripet.org\\\/?s={search_term_string}\"},\"query-input\":{\"@type\":\"PropertyValueSpecification\",\"valueRequired\":true,\"valueName\":\"search_term_string\"}}],\"inLanguage\":\"en-US\"},{\"@type\":\"Organization\",\"@id\":\"https:\\\/\\\/maripet.org\\\/#organization\",\"name\":\"Maripet Project\",\"url\":\"https:\\\/\\\/maripet.org\\\/\",\"logo\":{\"@type\":\"ImageObject\",\"inLanguage\":\"en-US\",\"@id\":\"https:\\\/\\\/maripet.org\\\/#\\\/schema\\\/logo\\\/image\\\/\",\"url\":\"https:\\\/\\\/maripet.org\\\/wp-content\\\/uploads\\\/2023\\\/01\\\/submission1.jpg\",\"contentUrl\":\"https:\\\/\\\/maripet.org\\\/wp-content\\\/uploads\\\/2023\\\/01\\\/submission1.jpg\",\"width\":443,\"height\":438,\"caption\":\"Maripet Project\"},\"image\":{\"@id\":\"https:\\\/\\\/maripet.org\\\/#\\\/schema\\\/logo\\\/image\\\/\"}}]}<\/script>\n<!-- \/ Yoast SEO plugin. -->","yoast_head_json":{"title":"Project Team - Maripet Project","robots":{"index":"index","follow":"follow","max-snippet":"max-snippet:-1","max-image-preview":"max-image-preview:large","max-video-preview":"max-video-preview:-1"},"canonical":"https:\/\/maripet.org\/?page_id=12","og_locale":"en_US","og_type":"article","og_title":"Project Team - Maripet Project","og_description":"\u0130lker Ayd\u0131nProject ManagerAssoc.Prof.Dr.Assoc.Prof.Dr.\u00a0aydinilker1@yahoo.com \u00d6zg\u00fcr AltanProject ManagerProf.Dr.ozgur.altan@ege.edu.tr\u00a0\u00a0 Levent YurgaTechnical ConsultantAssist.Prof.Dr. \u00a0\u00a0 Partner Teams Norwegian University of Science and Technology (Norway) University of Dubrovnik (Sveu\u010dili\u0161te u Dubrovniku) (Crotia) Vytauto Didziojo Universitetas (Lithuania) Landb\u00fana\u00f0arh\u00e1sk\u00f3li \u00cdslands (Iceland) Bal\u0131kesir University (Turkey) \u0130zmir Metropol Municipality (Turkey) Metropolitan Municipality of Izmir \/ Agricultural Services Department (Turkey) \u00a0 Copyright MARIPET, 2022-2023\u00a9","og_url":"https:\/\/maripet.org\/?page_id=12","og_site_name":"Maripet Project","article_modified_time":"2023-12-22T13:35:34+00:00","og_image":[{"url":"https:\/\/maripet.org\/wp-content\/uploads\/2023\/12\/ilker2-150x150.jpg","type":"","width":"","height":""}],"twitter_card":"summary_large_image","twitter_misc":{"Est. reading time":"2 minutes"},"schema":{"@context":"https:\/\/schema.org","@graph":[{"@type":"WebPage","@id":"https:\/\/maripet.org\/?page_id=12","url":"https:\/\/maripet.org\/?page_id=12","name":"Project Team - Maripet Project","isPartOf":{"@id":"https:\/\/maripet.org\/#website"},"primaryImageOfPage":{"@id":"https:\/\/maripet.org\/?page_id=12#primaryimage"},"image":{"@id":"https:\/\/maripet.org\/?page_id=12#primaryimage"},"thumbnailUrl":"https:\/\/maripet.org\/wp-content\/uploads\/2023\/12\/ilker2-150x150.jpg","datePublished":"2023-01-11T09:05:12+00:00","dateModified":"2023-12-22T13:35:34+00:00","breadcrumb":{"@id":"https:\/\/maripet.org\/?page_id=12#breadcrumb"},"inLanguage":"en-US","potentialAction":[{"@type":"ReadAction","target":["https:\/\/maripet.org\/?page_id=12"]}]},{"@type":"ImageObject","inLanguage":"en-US","@id":"https:\/\/maripet.org\/?page_id=12#primaryimage","url":"https:\/\/maripet.org\/wp-content\/uploads\/2023\/12\/ilker2.jpg","contentUrl":"https:\/\/maripet.org\/wp-content\/uploads\/2023\/12\/ilker2.jpg","width":600,"height":600},{"@type":"BreadcrumbList","@id":"https:\/\/maripet.org\/?page_id=12#breadcrumb","itemListElement":[{"@type":"ListItem","position":1,"name":"Home","item":"https:\/\/maripet.org\/"},{"@type":"ListItem","position":2,"name":"About","item":"https:\/\/maripet.org\/?page_id=10"},{"@type":"ListItem","position":3,"name":"Project Team"}]},{"@type":"WebSite","@id":"https:\/\/maripet.org\/#website","url":"https:\/\/maripet.org\/","name":"Maripet Project","description":"Innovative curriculum to evaluate Marine fishery discards as raw pet food for sustainable Europe","publisher":{"@id":"https:\/\/maripet.org\/#organization"},"potentialAction":[{"@type":"SearchAction","target":{"@type":"EntryPoint","urlTemplate":"https:\/\/maripet.org\/?s={search_term_string}"},"query-input":{"@type":"PropertyValueSpecification","valueRequired":true,"valueName":"search_term_string"}}],"inLanguage":"en-US"},{"@type":"Organization","@id":"https:\/\/maripet.org\/#organization","name":"Maripet Project","url":"https:\/\/maripet.org\/","logo":{"@type":"ImageObject","inLanguage":"en-US","@id":"https:\/\/maripet.org\/#\/schema\/logo\/image\/","url":"https:\/\/maripet.org\/wp-content\/uploads\/2023\/01\/submission1.jpg","contentUrl":"https:\/\/maripet.org\/wp-content\/uploads\/2023\/01\/submission1.jpg","width":443,"height":438,"caption":"Maripet Project"},"image":{"@id":"https:\/\/maripet.org\/#\/schema\/logo\/image\/"}}]}},"_links":{"self":[{"href":"https:\/\/maripet.org\/index.php?rest_route=\/wp\/v2\/pages\/12","targetHints":{"allow":["GET"]}}],"collection":[{"href":"https:\/\/maripet.org\/index.php?rest_route=\/wp\/v2\/pages"}],"about":[{"href":"https:\/\/maripet.org\/index.php?rest_route=\/wp\/v2\/types\/page"}],"author":[{"embeddable":true,"href":"https:\/\/maripet.org\/index.php?rest_route=\/wp\/v2\/users\/1"}],"replies":[{"embeddable":true,"href":"https:\/\/maripet.org\/index.php?rest_route=%2Fwp%2Fv2%2Fcomments&post=12"}],"version-history":[{"count":38,"href":"https:\/\/maripet.org\/index.php?rest_route=\/wp\/v2\/pages\/12\/revisions"}],"predecessor-version":[{"id":2197,"href":"https:\/\/maripet.org\/index.php?rest_route=\/wp\/v2\/pages\/12\/revisions\/2197"}],"up":[{"embeddable":true,"href":"https:\/\/maripet.org\/index.php?rest_route=\/wp\/v2\/pages\/10"}],"wp:attachment":[{"href":"https:\/\/maripet.org\/index.php?rest_route=%2Fwp%2Fv2%2Fmedia&parent=12"}],"curies":[{"name":"wp","href":"https:\/\/api.w.org\/{rel}","templated":true}]}}